{"id":3158,"date":"2021-04-16T07:14:50","date_gmt":"2021-04-16T07:14:50","guid":{"rendered":"http:\/\/brightafricansafaris.com\/?page_id=3158"},"modified":"2021-04-16T07:18:42","modified_gmt":"2021-04-16T07:18:42","slug":"home","status":"publish","type":"page","link":"https:\/\/brightafricansafaris.com\/fr\/","title":{"rendered":"Home"},"content":{"rendered":"<h2 class=\"heading\">Bright African Safaris<\/h2>\r\n\r\n<p>Nous sommes une tourn\u00e9e africaine &#038; amp; op\u00e9rateur de safari bas\u00e9 \u00e0 Arusha, en Tanzanie. Bright African Safaris Company organise des safaris animaliers en Tanzanie, au Kenya, en Ouganda, au Rwanda et en Afrique du Sud. Nous proposons une gamme de forfaits diff\u00e9rents, notamment des safaris dans la faune, des vacances \u00e0 la plage, des visites culturelles, de courtes randonn\u00e9es vers les hauts plateaux du Ngorongoro, la montagne Oldonyo le Ngai plus le Kilimandjaro, le mont. Treks et aventures de Meru. Tous les safaris et randonn\u00e9es sont guid\u00e9s par des guides tanzaniens qui sont des employ\u00e9s locaux permanents. Nos services varient du budget au luxe, selon le type de vacances que vous pr\u00e9f\u00e9rez. Nous sommes bien exp\u00e9riment\u00e9s, nous faisons toujours de notre mieux pour r\u00e9pondre \u00e0 vos besoins et exigences. Voyagez en Tanzanie, safaris au Kenya, visitez le Rwanda, visitez l&#8217;Ouganda, faites un safari \u00e0 petit budget dans les pays d&#8217;Afrique de l&#8217;Est, faites une randonn\u00e9e au Kilimandjaro, d\u00e9tendez-vous pr\u00e8s de la plage de Zanzibar. Tout cela peut \u00eatre organis\u00e9 par l&#8217;\u00e9quipe de Bright African Safaris.\r\n<\/p>\r\n\r\n\r\n\r\n<p>Nous nous concentrons beaucoup sur votre demande individuelle et travaillons en \u00e9troite collaboration avec vous pour finaliser vos programmes de vacances. Nous sommes fiers d&#8217;avoir remport\u00e9 six certificats d&#8217;excellence de la <span class = \"trip_add\"> \u00e9quipe Trip Advisor <\/span> pour les ann\u00e9es 2019, 2018, 2016, 2015, 2014 et 2013. Un grand merci \u00e0 nos guides pour leur merveilleux travail. Nous donnons et partageons 2% de nos b\u00e9n\u00e9fices annuels aux communaut\u00e9s locales en Tanzanie. Nous aidons les villages \u00e0 obtenir de l&#8217;eau potable pour leur usage domestique, nous r\u00e9novons les dortoirs des \u00e9coles locales, les salles de classe, les toilettes, etc. Nous soutenons \u00e9galement les tapis de couchage, les couvertures et les oreillers. Nous donnons des livres, des ordinateurs portables et d&#8217;autres mat\u00e9riels \u00e9ducatifs utiles. Lorsque vous choisissez de voyager avec Bright African Safaris, vous soutenez directement les communaut\u00e9s locales ici en Tanzanie.&#8221;<em><strong>Rejoignez nos efforts pour faire du monde d&#8217;aujourd&#8217;hui un meilleur endroit pour tous<\/strong><\/em>&#8216;.<\/p>\r\n","protected":false},"excerpt":{"rendered":"<p>Bright African Safaris Nous sommes une tourn\u00e9e africaine &#038; amp; op\u00e9rateur de safari bas\u00e9 \u00e0 Arusha, en Tanzanie. Bright African Safaris Company organise des safaris animaliers en Tanzanie, au Kenya, en Ouganda, au Rwanda et en Afrique du Sud. Nous proposons une gamme de forfaits diff\u00e9rents, notamment des safaris dans la faune, des vacances \u00e0 [&hellip;]<\/p>\n","protected":false},"author":1,"featured_media":0,"parent":0,"menu_order":0,"comment_status":"closed","ping_status":"closed","template":"","meta":{"footnotes":""},"class_list":["post-3158","page","type-page","status-publish","hentry","wpautop"],"yoast_head":"<!-- This site is optimized with the Yoast SEO Premium plugin v26.5 (Yoast SEO v27.4) - https:\/\/yoast.com\/product\/yoast-seo-premium-wordpress\/ -->\n<title>Home | Bright African Safaris<\/title>\n<meta name=\"robots\" content=\"index, follow, max-snippet:-1, max-image-preview:large, max-video-preview:-1\" \/>\n<link rel=\"canonical\" href=\"https:\/\/brightafricansafaris.com\/fr\/\" \/>\n<meta property=\"og:locale\" content=\"fr_FR\" \/>\n<meta property=\"og:type\" content=\"article\" \/>\n<meta property=\"og:title\" content=\"Home\" \/>\n<meta property=\"og:description\" content=\"Bright African Safaris Nous sommes une tourn\u00e9e africaine &#038; amp; op\u00e9rateur de safari bas\u00e9 \u00e0 Arusha, en Tanzanie. Bright African Safaris Company organise des safaris animaliers en Tanzanie, au Kenya, en Ouganda, au Rwanda et en Afrique du Sud. Nous proposons une gamme de forfaits diff\u00e9rents, notamment des safaris dans la faune, des vacances \u00e0 [&hellip;]\" \/>\n<meta property=\"og:url\" content=\"https:\/\/brightafricansafaris.com\/fr\/\" \/>\n<meta property=\"og:site_name\" content=\"Bright African Safaris\" \/>\n<meta property=\"article:publisher\" content=\"https:\/\/www.facebook.com\/brightafricansafaris\" \/>\n<meta property=\"article:modified_time\" content=\"2021-04-16T07:18:42+00:00\" \/>\n<meta name=\"twitter:card\" content=\"summary_large_image\" \/>\n<meta name=\"twitter:site\" content=\"@safarisbright\" \/>\n<meta name=\"twitter:label1\" content=\"Dur\u00e9e de lecture estim\u00e9e\" \/>\n\t<meta name=\"twitter:data1\" content=\"2 minutes\" \/>\n<script type=\"application\/ld+json\" class=\"yoast-schema-graph\">{\"@context\":\"https:\\\/\\\/schema.org\",\"@graph\":[{\"@type\":\"WebPage\",\"@id\":\"https:\\\/\\\/brightafricansafaris.com\\\/fr\\\/\",\"url\":\"https:\\\/\\\/brightafricansafaris.com\\\/fr\\\/\",\"name\":\"Home | Bright African Safaris\",\"isPartOf\":{\"@id\":\"https:\\\/\\\/brightafricansafaris.com\\\/#website\"},\"datePublished\":\"2021-04-16T07:14:50+00:00\",\"dateModified\":\"2021-04-16T07:18:42+00:00\",\"breadcrumb\":{\"@id\":\"https:\\\/\\\/brightafricansafaris.com\\\/fr\\\/#breadcrumb\"},\"inLanguage\":\"fr-FR\",\"potentialAction\":[{\"@type\":\"ReadAction\",\"target\":[\"https:\\\/\\\/brightafricansafaris.com\\\/fr\\\/\"]}]},{\"@type\":\"BreadcrumbList\",\"@id\":\"https:\\\/\\\/brightafricansafaris.com\\\/fr\\\/#breadcrumb\",\"itemListElement\":[{\"@type\":\"ListItem\",\"position\":1,\"name\":\"Home\",\"item\":\"https:\\\/\\\/brightafricansafaris.com\\\/fr\\\/\"},{\"@type\":\"ListItem\",\"position\":2,\"name\":\"Home\"}]},{\"@type\":\"WebSite\",\"@id\":\"https:\\\/\\\/brightafricansafaris.com\\\/#website\",\"url\":\"https:\\\/\\\/brightafricansafaris.com\\\/\",\"name\":\"Bright African Safaris\",\"description\":\"Africa safari\",\"publisher\":{\"@id\":\"https:\\\/\\\/brightafricansafaris.com\\\/#organization\"},\"potentialAction\":[{\"@type\":\"SearchAction\",\"target\":{\"@type\":\"EntryPoint\",\"urlTemplate\":\"https:\\\/\\\/brightafricansafaris.com\\\/?s={search_term_string}\"},\"query-input\":{\"@type\":\"PropertyValueSpecification\",\"valueRequired\":true,\"valueName\":\"search_term_string\"}}],\"inLanguage\":\"fr-FR\"},{\"@type\":\"Organization\",\"@id\":\"https:\\\/\\\/brightafricansafaris.com\\\/#organization\",\"name\":\"Bright African Safaris\",\"url\":\"https:\\\/\\\/brightafricansafaris.com\\\/\",\"logo\":{\"@type\":\"ImageObject\",\"inLanguage\":\"fr-FR\",\"@id\":\"https:\\\/\\\/brightafricansafaris.com\\\/#\\\/schema\\\/logo\\\/image\\\/\",\"url\":\"http:\\\/\\\/brightafricansafaris.com\\\/wp-content\\\/uploads\\\/2019\\\/08\\\/Landcruiser-Wildebeest.jpg\",\"contentUrl\":\"http:\\\/\\\/brightafricansafaris.com\\\/wp-content\\\/uploads\\\/2019\\\/08\\\/Landcruiser-Wildebeest.jpg\",\"width\":500,\"height\":332,\"caption\":\"Bright African Safaris\"},\"image\":{\"@id\":\"https:\\\/\\\/brightafricansafaris.com\\\/#\\\/schema\\\/logo\\\/image\\\/\"},\"sameAs\":[\"https:\\\/\\\/www.facebook.com\\\/brightafricansafaris\",\"https:\\\/\\\/x.com\\\/safarisbright\",\"http:\\\/\\\/brightafricansafaris\"]}]}<\/script>\n<!-- \/ Yoast SEO Premium plugin. -->","yoast_head_json":{"title":"Home | Bright African Safaris","robots":{"index":"index","follow":"follow","max-snippet":"max-snippet:-1","max-image-preview":"max-image-preview:large","max-video-preview":"max-video-preview:-1"},"canonical":"https:\/\/brightafricansafaris.com\/fr\/","og_locale":"fr_FR","og_type":"article","og_title":"Home","og_description":"Bright African Safaris Nous sommes une tourn\u00e9e africaine &#038; amp; op\u00e9rateur de safari bas\u00e9 \u00e0 Arusha, en Tanzanie. Bright African Safaris Company organise des safaris animaliers en Tanzanie, au Kenya, en Ouganda, au Rwanda et en Afrique du Sud. Nous proposons une gamme de forfaits diff\u00e9rents, notamment des safaris dans la faune, des vacances \u00e0 [&hellip;]","og_url":"https:\/\/brightafricansafaris.com\/fr\/","og_site_name":"Bright African Safaris","article_publisher":"https:\/\/www.facebook.com\/brightafricansafaris","article_modified_time":"2021-04-16T07:18:42+00:00","twitter_card":"summary_large_image","twitter_site":"@safarisbright","twitter_misc":{"Dur\u00e9e de lecture estim\u00e9e":"2 minutes"},"schema":{"@context":"https:\/\/schema.org","@graph":[{"@type":"WebPage","@id":"https:\/\/brightafricansafaris.com\/fr\/","url":"https:\/\/brightafricansafaris.com\/fr\/","name":"Home | Bright African Safaris","isPartOf":{"@id":"https:\/\/brightafricansafaris.com\/#website"},"datePublished":"2021-04-16T07:14:50+00:00","dateModified":"2021-04-16T07:18:42+00:00","breadcrumb":{"@id":"https:\/\/brightafricansafaris.com\/fr\/#breadcrumb"},"inLanguage":"fr-FR","potentialAction":[{"@type":"ReadAction","target":["https:\/\/brightafricansafaris.com\/fr\/"]}]},{"@type":"BreadcrumbList","@id":"https:\/\/brightafricansafaris.com\/fr\/#breadcrumb","itemListElement":[{"@type":"ListItem","position":1,"name":"Home","item":"https:\/\/brightafricansafaris.com\/fr\/"},{"@type":"ListItem","position":2,"name":"Home"}]},{"@type":"WebSite","@id":"https:\/\/brightafricansafaris.com\/#website","url":"https:\/\/brightafricansafaris.com\/","name":"Bright African Safaris","description":"Africa safari","publisher":{"@id":"https:\/\/brightafricansafaris.com\/#organization"},"potentialAction":[{"@type":"SearchAction","target":{"@type":"EntryPoint","urlTemplate":"https:\/\/brightafricansafaris.com\/?s={search_term_string}"},"query-input":{"@type":"PropertyValueSpecification","valueRequired":true,"valueName":"search_term_string"}}],"inLanguage":"fr-FR"},{"@type":"Organization","@id":"https:\/\/brightafricansafaris.com\/#organization","name":"Bright African Safaris","url":"https:\/\/brightafricansafaris.com\/","logo":{"@type":"ImageObject","inLanguage":"fr-FR","@id":"https:\/\/brightafricansafaris.com\/#\/schema\/logo\/image\/","url":"http:\/\/brightafricansafaris.com\/wp-content\/uploads\/2019\/08\/Landcruiser-Wildebeest.jpg","contentUrl":"http:\/\/brightafricansafaris.com\/wp-content\/uploads\/2019\/08\/Landcruiser-Wildebeest.jpg","width":500,"height":332,"caption":"Bright African Safaris"},"image":{"@id":"https:\/\/brightafricansafaris.com\/#\/schema\/logo\/image\/"},"sameAs":["https:\/\/www.facebook.com\/brightafricansafaris","https:\/\/x.com\/safarisbright","http:\/\/brightafricansafaris"]}]}},"_links":{"self":[{"href":"https:\/\/brightafricansafaris.com\/fr\/wp-json\/wp\/v2\/pages\/3158","targetHints":{"allow":["GET"]}}],"collection":[{"href":"https:\/\/brightafricansafaris.com\/fr\/wp-json\/wp\/v2\/pages"}],"about":[{"href":"https:\/\/brightafricansafaris.com\/fr\/wp-json\/wp\/v2\/types\/page"}],"author":[{"embeddable":true,"href":"https:\/\/brightafricansafaris.com\/fr\/wp-json\/wp\/v2\/users\/1"}],"replies":[{"embeddable":true,"href":"https:\/\/brightafricansafaris.com\/fr\/wp-json\/wp\/v2\/comments?post=3158"}],"version-history":[{"count":3,"href":"https:\/\/brightafricansafaris.com\/fr\/wp-json\/wp\/v2\/pages\/3158\/revisions"}],"predecessor-version":[{"id":3160,"href":"https:\/\/brightafricansafaris.com\/fr\/wp-json\/wp\/v2\/pages\/3158\/revisions\/3160"}],"wp:attachment":[{"href":"https:\/\/brightafricansafaris.com\/fr\/wp-json\/wp\/v2\/media?parent=3158"}],"curies":[{"name":"wp","href":"https:\/\/api.w.org\/{rel}","templated":true}]}}